{"id":634,"date":"2023-05-15T15:59:39","date_gmt":"2023-05-15T13:59:39","guid":{"rendered":"https:\/\/tankerport.wpsandbox.introweb.hu\/?page_id=634"},"modified":"2023-05-18T15:55:47","modified_gmt":"2023-05-18T13:55:47","slug":"vorstellung","status":"publish","type":"page","link":"https:\/\/tankerport.wpsandbox.introweb.hu\/de\/vorstellung\/","title":{"rendered":"VORSTELLUNG"},"content":{"rendered":"<p><div class=\"fusion-fullwidth fullwidth-box fusion-builder-row-1 fusion-flex-container has-pattern-background has-mask-background nonhundred-percent-fullwidth non-hundred-percent-height-scrolling\" style=\"--awb-border-radius-top-left:0px;--awb-border-radius-top-right:0px;--awb-border-radius-bottom-right:0px;--awb-border-radius-bottom-left:0px;\" ><div class=\"fusion-builder-row fusion-row fusion-flex-align-items-flex-start\" style=\"max-width:1060.8px;margin-left: calc(-4% \/ 2 );margin-right: calc(-4% \/ 2 );\"><div class=\"fusion-layout-column fusion_builder_column fusion-builder-column-0 fusion_builder_column_3_4 3_4 fusion-flex-column\" style=\"--awb-bg-size:cover;--awb-width-large:75%;--awb-margin-top-large:0px;--awb-spacing-right-large:2.56%;--awb-margin-bottom-large:20px;--awb-spacing-left-large:2.56%;--awb-width-medium:100%;--awb-order-medium:0;--awb-spacing-right-medium:1.92%;--awb-spacing-left-medium:1.92%;--awb-width-small:100%;--awb-order-small:0;--awb-spacing-right-small:1.92%;--awb-spacing-left-small:1.92%;\" data-motion-effects=\"[{&quot;type&quot;:&quot;&quot;,&quot;scroll_type&quot;:&quot;transition&quot;,&quot;scroll_direction&quot;:&quot;up&quot;,&quot;transition_speed&quot;:&quot;1&quot;,&quot;fade_type&quot;:&quot;in&quot;,&quot;scale_type&quot;:&quot;up&quot;,&quot;initial_scale&quot;:&quot;1&quot;,&quot;max_scale&quot;:&quot;1.5&quot;,&quot;min_scale&quot;:&quot;0.5&quot;,&quot;initial_rotate&quot;:&quot;0&quot;,&quot;end_rotate&quot;:&quot;30&quot;,&quot;initial_blur&quot;:&quot;0&quot;,&quot;end_blur&quot;:&quot;3&quot;,&quot;start_element&quot;:&quot;top&quot;,&quot;start_viewport&quot;:&quot;bottom&quot;,&quot;end_element&quot;:&quot;bottom&quot;,&quot;end_viewport&quot;:&quot;top&quot;,&quot;mouse_effect&quot;:&quot;track&quot;,&quot;mouse_effect_direction&quot;:&quot;opposite&quot;,&quot;mouse_effect_speed&quot;:&quot;2&quot;,&quot;infinite_animation&quot;:&quot;float&quot;,&quot;infinite_animation_speed&quot;:&quot;2&quot;}]\" data-scroll-devices=\"small-visibility,medium-visibility,large-visibility\"><div class=\"fusion-column-wrapper fusion-column-has-shadow fusion-flex-justify-content-flex-start fusion-content-layout-column\"><div class=\"fusion-text fusion-text-1\" style=\"--awb-text-color:var(--awb-color8);--awb-text-font-family:&#039;Trebuchet MS&#039;, Helvetica, sans-serif;--awb-text-font-style:normal;--awb-text-font-weight:400;\"><header>\n<header>\n<h1 class=\"title\">Vorstellung<\/h1>\n<\/header>\n<div class=\"content clearfix\">\n<p><strong>1. Vorgeschichte:<\/strong><\/p>\n<p>Die langfristige und nachhaltige Behandlung und Entsorgung von umweltsch\u00e4dlichen Abf\u00e4llen in gro\u00dfer Menge, die durch den Personen- und G\u00fcterverkehr auf dem Wasser entstehen, ist ein ernstes Problem entlang der Donau.<\/p>\n<p>Abw\u00e4sser und gef\u00e4hrliche Abf\u00e4lle, die auf Schiffen entstehen:<\/p>\n<ul>\n<li>Bilgen\u00f6l im Maschinenraum<\/li>\n<li>Alt\u00f6l<\/li>\n<li>\u00f6lige feste Abf\u00e4lle<\/li>\n<li>Abwasser<\/li>\n<li>K\u00fcchenabf\u00e4lle (verschiedene Chemikalien, gebrauchtes Brat\u00f6l, Fette)<\/li>\n<\/ul>\n<p><strong>2. Ziel des Projekts<\/strong><\/p>\n<p>Das Projekt Gr\u00fcne Insel von Tanker Port GmbH behandelt, \u00fcbernimmt und teilweise vor Ort entsorgt die umweltsch\u00e4dlichen Abf\u00e4lle, sowie bietet auch High-Tech-Einrichtungen f\u00fcr Betankung und Trinkwasserentnahme f\u00fcr kleine und gro\u00dfe Donauschiffe. Die Hauptaufgabe der innovativen Serviceeinheit besteht unter anderem darin, die Wasserstra\u00dfen mit Trinkwasser zu versorgen sowie Abw\u00e4sser, Alt\u00f6l, \u00f6lhaltige Trockenabf\u00e4lle, Bilgen\u00f6l und K\u00fcchenabf\u00e4lle, die im t\u00e4glichen Betrieb entstehen zu \u00fcbernehmen und nach h\u00f6chsten Umweltstandards zu behandeln und zu entsorgen. Diese komplexe, integrierte Dienstleistung \u00fcbertrifft auch die aktuellen westeurop\u00e4ischen Erwartungen.<\/p>\n<p><strong>3. Einzigartige Ideen, die in dem Projekt stecken<\/strong><\/p>\n<p>Die Tanker Port GmbH produziert elektrische Energie f\u00fcr die oben genannten &#8222;gr\u00fcnen&#8220; Aktivit\u00e4ten, ohne die Natur zu ver\u00e4ndern.<\/p>\n<p>Hauptdienstleistungen:<\/p>\n<ul>\n<li>Abwasser\u00fcbernahme<\/li>\n<li>\u00dcbernahme und Entsorgung von Bilgen\u00f6l<\/li>\n<li>Alt\u00f6l\u00fcbernahme<\/li>\n<li>Beschaffung und Vertrieb von Schifffahrtszubeh\u00f6ren (erg\u00e4nzende Komponenten, verschiedene Verschlei\u00dfteile usw.)<\/li>\n<li>Vertrieb von Motor\u00f6l<\/li>\n<li>Vertrieb von Hydraulik\u00f6l<\/li>\n<li>Versorgung mit Trinkwasser<\/li>\n<\/ul>\n<p>Bisher wurden im Rahmen des Projekts zwei Bunkerschiffe (Clara und \u00c1gnes) in Betrieb genommen, die auch dieselben Dienstleistungen erbringen und die T\u00e4tigkeit des komplexen Umwelt- und Versorgungszentrums erg\u00e4nzen.<\/p>\n<p>Das Projekt wurde in Budapest, am rechten Donauufer im Profil 1644 + 600 Stromkilometer, im Raster XI\/121 verwirklicht.<\/p>\n<p>Auf Ersuchen des Aufsichtsamtes f\u00fcr Umwelt, Natur und Wasserwesen des Mittel-Donautals (K\u00f6z\u00e9p-Duna-v\u00f6lgyi K\u00f6rnyezetv\u00e9delmi, Term\u00e9szetv\u00e9delmi \u00e9s V\u00edz\u00fcgyi Fel\u00fcgyel\u0151s\u00e9g) erstellte unser Unternehmen eine Studie, da das Projekt in einem Natura2000 Gebiet verwirklicht wurde. In der Studie wurde festgestellt, dass die gebaute Uferwand keine nachteiligen Auswirkungen auf die Natur hat, dagegen kann das Projekt durch die \u00dcbernahme von gef\u00e4hrlichen Abf\u00e4llen und kommunalen Abw\u00e4ssern eine nachweisbare Verbesserung beim Schutz der Natur und der Trinkwasserbasis erzielen.<\/p>\n<p><strong>4. Verkn\u00fcpfung mit den Zielen der Europ\u00e4ischen Strategie f\u00fcr den Donauraum<\/strong><\/p>\n<p>Das Projekt wurde in der Europ\u00e4ischen Strategie f\u00fcr den Donauraum (EDRS) registriert.<\/p>\n<p>Die Verwirklichung des Projekts tr\u00e4gt zu den Zielsetzungen der folgenden EDRS-Programme bei:<\/p>\n<ul>\n<li>Untersuchung und Entwicklung von Verkn\u00fcpfungs- und Abstimmungsm\u00f6glichkeiten verschiedener Verkehrsmittel.<\/li>\n<\/ul>\n<p>a) Binnenwasserstra\u00dfen: Das Projekt tr\u00e4gt dazu bei, die Umweltsch\u00e4den durch Schiffe im Donauabschnitt \u00d6sterreich-Ungarn-Rum\u00e4nien zu verringern, indem die entstandenen gef\u00e4hrlichen und umweltsch\u00e4dlichen Stoffe auf die oben genannte kontrollierte Weise beseitigt werden k\u00f6nnen.<\/p>\n<ul>\n<li>Werterhaltung unserer lebendigen Gew\u00e4sser am Wassersammlungsgebiet der Donau \u2013 Schutz \u2013 Bewirtschaftung \u2013 Verteidigung: Als Ergebnis des Projekts k\u00f6nnen die fahrenden Schiffe die Schadstoffe, die sich w\u00e4hrend des Betriebs ansammelten, unter kontrollierten Bedingungen an einer \u00dcbergabestelle gem\u00e4\u00df den Vorschriften f\u00fcr Umweltschutz und Gefahrstoffbehandlung entsorgen.<\/li>\n<li>Umweltschonender Verkehr im Donauraum: Das Projekt tr\u00e4gt dazu bei, die Umweltsch\u00e4den durch Schiffe im Donauabschnitt \u00d6sterreich-Ungarn-Rum\u00e4nien zu verringern, indem die entstandenen gef\u00e4hrlichen und umweltsch\u00e4dlichen Stoffe auf die oben genannte kontrollierte Weise beseitigt werden k\u00f6nnen.<\/li>\n<li>Biologische Vielfalt entlang der Donau \u2013 Schutz des Naturerbes und der \u00f6kologischen Dienstleistungen: Die oben erw\u00e4hnte, sich infolge des Projekts verringernde Umweltbelastung w\u00e4hrend der Schifffahrt tr\u00e4gt in hohem Ma\u00dfe zu den Zielen des Programms bei.<\/li>\n<\/ul>\n<p><strong>Unsere professionellen Unterst\u00fctzer:<\/strong><\/p>\n<ul>\n<li>N\u00e9meth L\u00e1szl\u00f3n\u00e9, Minister f\u00fcr nationale Entwicklung, gab am 21. Mai 2012 ein Unterst\u00fctzungsschreiben heraus, in dem sie die baldige Umsetzung des Projekts forderte.<\/li>\n<li>Dr. P\u00e1l V\u00f6lner, Staatssekret\u00e4r f\u00fcr Infrastruktur, gab am 24. April 2012 ein Unterst\u00fctzungsschreiben heraus, in dem er die baldige Umsetzung des Projekts forderte.<\/li>\n<li>Dr. Zolt\u00e1n Ill\u00e9s, Staatssekret\u00e4r f\u00fcr Umwelt im Ministerium f\u00fcr l\u00e4ndliche Entwicklung, gab am 24. Oktober 2011 ein Unterst\u00fctzungsschreiben heraus, in dem er die baldige Umsetzung des Projekts forderte.<\/li>\n<li>Etelka Barsin\u00e9 Pataky, Regierungskommissarin f\u00fcr EUDRS-Angelegenheiten, gab am 10. November 2011 ein schriftliches Unterst\u00fctzungsschreiben heraus, in dem sie die baldige Umsetzung des Projekts forderte.<\/li>\n<\/ul>\n<p><strong>Entwicklungspartner:<\/strong><\/p>\n<ul>\n<li>Budapesti V\u00e1llalkoz\u00e1sfejleszt\u00e9si K\u00f6zalap\u00edtv\u00e1ny (\u00d6ffentlich-rechtliche Stiftung f\u00fcr Unternehmensentwicklung von Budapest)<\/li>\n<li>Nemzeti K\u00fclgazdas\u00e1gi Hivatal (HITA) (Nationales Amt f\u00fcr Au\u00dfenwirtschaft)<\/li>\n<\/ul>\n<p><strong>Berufspartner:<\/strong><\/p>\n<p>ELTE K\u00f6rnyezettudom\u00e1nyi Kooper\u00e1ci\u00f3s Kutat\u00f3k\u00f6zpont (ELTE Kooperations-Forschungszentrum f\u00fcr Umweltwissenschaft)<\/p>\n<\/div>\n<\/header>\n<\/div><\/div><\/div><div class=\"fusion-layout-column fusion_builder_column fusion-builder-column-1 fusion_builder_column_1_4 1_4 fusion-flex-column\" style=\"--awb-padding-top:0px;--awb-padding-right:0px;--awb-padding-bottom:0px;--awb-padding-left:0px;--awb-bg-size:cover;--awb-border-color:rgba(120,148,56,0);--awb-border-style:solid;--awb-width-large:25%;--awb-margin-top-large:0px;--awb-spacing-right-large:7.68%;--awb-margin-bottom-large:20px;--awb-spacing-left-large:7.68%;--awb-width-medium:100%;--awb-order-medium:0;--awb-spacing-right-medium:1.92%;--awb-spacing-left-medium:1.92%;--awb-width-small:100%;--awb-order-small:0;--awb-spacing-right-small:1.92%;--awb-spacing-left-small:1.92%;\" data-motion-effects=\"[{&quot;type&quot;:&quot;&quot;,&quot;scroll_type&quot;:&quot;transition&quot;,&quot;scroll_direction&quot;:&quot;up&quot;,&quot;transition_speed&quot;:&quot;1&quot;,&quot;fade_type&quot;:&quot;in&quot;,&quot;scale_type&quot;:&quot;up&quot;,&quot;initial_scale&quot;:&quot;1&quot;,&quot;max_scale&quot;:&quot;1.5&quot;,&quot;min_scale&quot;:&quot;0.5&quot;,&quot;initial_rotate&quot;:&quot;0&quot;,&quot;end_rotate&quot;:&quot;30&quot;,&quot;initial_blur&quot;:&quot;0&quot;,&quot;end_blur&quot;:&quot;3&quot;,&quot;start_element&quot;:&quot;top&quot;,&quot;start_viewport&quot;:&quot;bottom&quot;,&quot;end_element&quot;:&quot;bottom&quot;,&quot;end_viewport&quot;:&quot;top&quot;,&quot;mouse_effect&quot;:&quot;track&quot;,&quot;mouse_effect_direction&quot;:&quot;opposite&quot;,&quot;mouse_effect_speed&quot;:&quot;2&quot;,&quot;infinite_animation&quot;:&quot;float&quot;,&quot;infinite_animation_speed&quot;:&quot;2&quot;}]\" data-scroll-devices=\"small-visibility,medium-visibility,large-visibility\"><div class=\"fusion-column-wrapper fusion-column-has-shadow fusion-flex-justify-content-flex-start fusion-content-layout-column\"><div class=\"fusion-builder-row fusion-builder-row-inner fusion-row fusion-flex-align-items-flex-start\" style=\"width:104% !important;max-width:104% !important;margin-left: calc(-4% \/ 2 );margin-right: calc(-4% \/ 2 );\"><div class=\"fusion-layout-column fusion_builder_column_inner fusion-builder-nested-column-0 fusion_builder_column_inner_1_1 1_1 fusion-flex-column\" style=\"--awb-padding-top:15px;--awb-padding-right:15px;--awb-padding-bottom:15px;--awb-padding-left:15px;--awb-overflow:hidden;--awb-bg-image:linear-gradient(180deg, #9ec34a 0%,#92b73e 100%);--awb-bg-size:cover;--awb-box-shadow:1px 0px 2px 0px rgba(0,0,0,0.2) inset;;--awb-border-color:#789438;--awb-border-top:1px;--awb-border-right:1px;--awb-border-bottom:1px;--awb-border-left:1px;--awb-border-style:solid;--awb-border-radius:5px 5px 5px 5px;--awb-width-large:100%;--awb-margin-top-large:0px;--awb-spacing-right-large:1.92%;--awb-margin-bottom-large:20px;--awb-spacing-left-large:1.92%;--awb-width-medium:100%;--awb-order-medium:0;--awb-spacing-right-medium:1.92%;--awb-spacing-left-medium:1.92%;--awb-width-small:100%;--awb-order-small:0;--awb-spacing-right-small:1.92%;--awb-spacing-left-small:1.92%;\" data-motion-effects=\"[{&quot;type&quot;:&quot;&quot;,&quot;scroll_type&quot;:&quot;transition&quot;,&quot;scroll_direction&quot;:&quot;up&quot;,&quot;transition_speed&quot;:&quot;1&quot;,&quot;fade_type&quot;:&quot;in&quot;,&quot;scale_type&quot;:&quot;up&quot;,&quot;initial_scale&quot;:&quot;1&quot;,&quot;max_scale&quot;:&quot;1.5&quot;,&quot;min_scale&quot;:&quot;0.5&quot;,&quot;initial_rotate&quot;:&quot;0&quot;,&quot;end_rotate&quot;:&quot;30&quot;,&quot;initial_blur&quot;:&quot;0&quot;,&quot;end_blur&quot;:&quot;3&quot;,&quot;start_element&quot;:&quot;top&quot;,&quot;start_viewport&quot;:&quot;bottom&quot;,&quot;end_element&quot;:&quot;bottom&quot;,&quot;end_viewport&quot;:&quot;top&quot;,&quot;mouse_effect&quot;:&quot;track&quot;,&quot;mouse_effect_direction&quot;:&quot;opposite&quot;,&quot;mouse_effect_speed&quot;:&quot;2&quot;,&quot;infinite_animation&quot;:&quot;float&quot;,&quot;infinite_animation_speed&quot;:&quot;2&quot;}]\" data-scroll-devices=\"small-visibility,medium-visibility,large-visibility\"><div class=\"fusion-column-wrapper fusion-column-has-shadow fusion-flex-justify-content-flex-start fusion-content-layout-column\"><div class=\"fusion-image-element \" style=\"--awb-margin-bottom:20px;--awb-caption-title-font-family:var(--h2_typography-font-family);--awb-caption-title-font-weight:var(--h2_typography-font-weight);--awb-caption-title-font-style:var(--h2_typography-font-style);--awb-caption-title-size:var(--h2_typography-font-size);--awb-caption-title-transform:var(--h2_typography-text-transform);--awb-caption-title-line-height:var(--h2_typography-line-height);--awb-caption-title-letter-spacing:var(--h2_typography-letter-spacing);\"><span class=\" fusion-imageframe imageframe-none imageframe-1 hover-type-none\" class=\"image-magnify\" class=\"image-scroll\"><img decoding=\"async\" width=\"163\" height=\"153\" title=\"1\" src=\"data:image\/svg+xml,%3Csvg%20xmlns%3D%27http%3A%2F%2Fwww.w3.org%2F2000%2Fsvg%27%20width%3D%27163%27%20height%3D%27153%27%20viewBox%3D%270%200%20163%20153%27%3E%3Crect%20width%3D%27163%27%20height%3D%27153%27%20fill-opacity%3D%220%22%2F%3E%3C%2Fsvg%3E\" data-orig-src=\"https:\/\/tankerport.wpsandbox.introweb.hu\/wp-content\/uploads\/2023\/05\/1-1.png\" alt class=\"lazyload img-responsive wp-image-600\"\/><\/span><\/div><div class=\"fusion-image-element \" style=\"--awb-margin-bottom:20px;--awb-caption-title-font-family:var(--h2_typography-font-family);--awb-caption-title-font-weight:var(--h2_typography-font-weight);--awb-caption-title-font-style:var(--h2_typography-font-style);--awb-caption-title-size:var(--h2_typography-font-size);--awb-caption-title-transform:var(--h2_typography-text-transform);--awb-caption-title-line-height:var(--h2_typography-line-height);--awb-caption-title-letter-spacing:var(--h2_typography-letter-spacing);\"><span class=\" fusion-imageframe imageframe-none imageframe-2 hover-type-none\" class=\"image-magnify\" class=\"image-scroll\"><img decoding=\"async\" width=\"179\" height=\"130\" title=\"2\" src=\"data:image\/svg+xml,%3Csvg%20xmlns%3D%27http%3A%2F%2Fwww.w3.org%2F2000%2Fsvg%27%20width%3D%27179%27%20height%3D%27130%27%20viewBox%3D%270%200%20179%20130%27%3E%3Crect%20width%3D%27179%27%20height%3D%27130%27%20fill-opacity%3D%220%22%2F%3E%3C%2Fsvg%3E\" data-orig-src=\"https:\/\/tankerport.wpsandbox.introweb.hu\/wp-content\/uploads\/2023\/05\/2-1.png\" alt class=\"lazyload img-responsive wp-image-602\"\/><\/span><\/div><div class=\"fusion-image-element \" style=\"--awb-margin-bottom:0px;--awb-caption-title-font-family:var(--h2_typography-font-family);--awb-caption-title-font-weight:var(--h2_typography-font-weight);--awb-caption-title-font-style:var(--h2_typography-font-style);--awb-caption-title-size:var(--h2_typography-font-size);--awb-caption-title-transform:var(--h2_typography-text-transform);--awb-caption-title-line-height:var(--h2_typography-line-height);--awb-caption-title-letter-spacing:var(--h2_typography-letter-spacing);\"><span class=\" fusion-imageframe imageframe-none imageframe-3 hover-type-none\" class=\"image-magnify\" class=\"image-scroll\"><img decoding=\"async\" width=\"381\" height=\"156\" title=\"3\" src=\"https:\/\/tankerport.wpsandbox.introweb.hu\/wp-content\/uploads\/2023\/05\/3-1.png\" data-orig-src=\"https:\/\/tankerport.wpsandbox.introweb.hu\/wp-content\/uploads\/2023\/05\/3-1.png\" alt class=\"lazyload img-responsive wp-image-604\" srcset=\"data:image\/svg+xml,%3Csvg%20xmlns%3D%27http%3A%2F%2Fwww.w3.org%2F2000%2Fsvg%27%20width%3D%27381%27%20height%3D%27156%27%20viewBox%3D%270%200%20381%20156%27%3E%3Crect%20width%3D%27381%27%20height%3D%27156%27%20fill-opacity%3D%220%22%2F%3E%3C%2Fsvg%3E\" data-srcset=\"https:\/\/tankerport.wpsandbox.introweb.hu\/wp-content\/uploads\/2023\/05\/3-1-200x82.png 200w, https:\/\/tankerport.wpsandbox.introweb.hu\/wp-content\/uploads\/2023\/05\/3-1.png 381w\" data-sizes=\"auto\" data-orig-sizes=\"(max-width: 640px) 100vw, 381px\" \/><\/span><\/div><\/div><\/div><\/div><div class=\"fusion-builder-row fusion-builder-row-inner fusion-row fusion-flex-align-items-flex-start\" style=\"width:104% !important;max-width:104% !important;margin-left: calc(-4% \/ 2 );margin-right: calc(-4% \/ 2 );\"><div class=\"fusion-layout-column fusion_builder_column_inner fusion-builder-nested-column-1 fusion_builder_column_inner_1_1 1_1 fusion-flex-column\" style=\"--awb-bg-size:cover;--awb-width-large:100%;--awb-margin-top-large:0px;--awb-spacing-right-large:1.92%;--awb-margin-bottom-large:0px;--awb-spacing-left-large:1.92%;--awb-width-medium:100%;--awb-order-medium:0;--awb-spacing-right-medium:1.92%;--awb-spacing-left-medium:1.92%;--awb-width-small:100%;--awb-order-small:0;--awb-spacing-right-small:1.92%;--awb-spacing-left-small:1.92%;\" data-motion-effects=\"[{&quot;type&quot;:&quot;&quot;,&quot;scroll_type&quot;:&quot;transition&quot;,&quot;scroll_direction&quot;:&quot;up&quot;,&quot;transition_speed&quot;:&quot;1&quot;,&quot;fade_type&quot;:&quot;in&quot;,&quot;scale_type&quot;:&quot;up&quot;,&quot;initial_scale&quot;:&quot;1&quot;,&quot;max_scale&quot;:&quot;1.5&quot;,&quot;min_scale&quot;:&quot;0.5&quot;,&quot;initial_rotate&quot;:&quot;0&quot;,&quot;end_rotate&quot;:&quot;30&quot;,&quot;initial_blur&quot;:&quot;0&quot;,&quot;end_blur&quot;:&quot;3&quot;,&quot;start_element&quot;:&quot;top&quot;,&quot;start_viewport&quot;:&quot;bottom&quot;,&quot;end_element&quot;:&quot;bottom&quot;,&quot;end_viewport&quot;:&quot;top&quot;,&quot;mouse_effect&quot;:&quot;track&quot;,&quot;mouse_effect_direction&quot;:&quot;opposite&quot;,&quot;mouse_effect_speed&quot;:&quot;2&quot;,&quot;infinite_animation&quot;:&quot;float&quot;,&quot;infinite_animation_speed&quot;:&quot;2&quot;}]\" data-scroll-devices=\"small-visibility,medium-visibility,large-visibility\"><div class=\"fusion-column-wrapper fusion-column-has-shadow fusion-flex-justify-content-flex-start fusion-content-layout-column\"><div class=\"fusion-title title fusion-title-1 fusion-sep-none fusion-title-text fusion-title-size-one sidebar-rss-title\" style=\"--awb-text-color:var(--awb-color8);--awb-margin-top:0px;--awb-margin-bottom:0px;--awb-font-size:24px;\"><h1 class=\"title-heading-left\" style=\"font-family:&#039;Trebuchet MS&#039;, Helvetica, sans-serif;font-style:normal;font-weight:400;margin:0;font-size:1em;line-height:24px;\"><h3 class=\"module-title\">V\u00edz\u00e1ll\u00e1sok<\/h3><\/h1><\/div><div class=\"wprss_ajax\" data-id=\"rss6cdc7d0bbb\"><img class=\"lazyload\" decoding=\"async\" src=\"data:image\/svg+xml,%3Csvg%20xmlns%3D%27http%3A%2F%2Fwww.w3.org%2F2000%2Fsvg%27%20width%3D%2716%27%20height%3D%2716%27%20viewBox%3D%270%200%2016%2016%27%3E%3Crect%20width%3D%2716%27%20height%3D%2716%27%20fill-opacity%3D%220%22%2F%3E%3C%2Fsvg%3E\" data-orig-src=\"https:\/\/tankerport.wpsandbox.introweb.hu\/wp-content\/plugins\/wp-rss-retriever\/inc\/imgs\/ajax-loader.gif\" alt=\"Loading RSS Feed\" width=\"16\" height=\"16\"><\/div><\/div><\/div><\/div><\/div><\/div><\/div><\/div><div class=\"fusion-fullwidth fullwidth-box fusion-builder-row-2 fusion-flex-container has-pattern-background has-mask-background szechenyi-terv nonhundred-percent-fullwidth non-hundred-percent-height-scrolling\" style=\"--awb-border-radius-top-left:0px;--awb-border-radius-top-right:0px;--awb-border-radius-bottom-right:0px;--awb-border-radius-bottom-left:0px;\" ><div class=\"fusion-builder-row fusion-row fusion-flex-align-items-flex-start\" style=\"max-width:1060.8px;margin-left: calc(-4% \/ 2 );margin-right: calc(-4% \/ 2 );\"><div class=\"fusion-layout-column fusion_builder_column fusion-builder-column-2 fusion_builder_column_1_1 1_1 fusion-flex-column\" style=\"--awb-bg-size:cover;--awb-width-large:100%;--awb-margin-top-large:0px;--awb-spacing-right-large:1.92%;--awb-margin-bottom-large:20px;--awb-spacing-left-large:1.92%;--awb-width-medium:100%;--awb-order-medium:0;--awb-spacing-right-medium:1.92%;--awb-spacing-left-medium:1.92%;--awb-width-small:100%;--awb-order-small:0;--awb-spacing-right-small:1.92%;--awb-spacing-left-small:1.92%;\"><div class=\"fusion-column-wrapper fusion-column-has-shadow fusion-flex-justify-content-flex-start fusion-content-layout-column\"><div class=\"fusion-image-element \" style=\"--awb-caption-title-font-family:var(--h2_typography-font-family);--awb-caption-title-font-weight:var(--h2_typography-font-weight);--awb-caption-title-font-style:var(--h2_typography-font-style);--awb-caption-title-size:var(--h2_typography-font-size);--awb-caption-title-transform:var(--h2_typography-text-transform);--awb-caption-title-line-height:var(--h2_typography-line-height);--awb-caption-title-letter-spacing:var(--h2_typography-letter-spacing);\"><span class=\" fusion-imageframe imageframe-none imageframe-4 hover-type-none\" class=\"image-scroll\"><a class=\"fusion-no-lightbox\" href=\"https:\/\/tankerport.wpsandbox.introweb.hu\/palyazatok\/\" target=\"_self\" aria-label=\"szechenyi-logo-new\"><img decoding=\"async\" width=\"246\" height=\"170\" src=\"data:image\/svg+xml,%3Csvg%20xmlns%3D%27http%3A%2F%2Fwww.w3.org%2F2000%2Fsvg%27%20width%3D%27246%27%20height%3D%27170%27%20viewBox%3D%270%200%20246%20170%27%3E%3Crect%20width%3D%27246%27%20height%3D%27170%27%20fill-opacity%3D%220%22%2F%3E%3C%2Fsvg%3E\" data-orig-src=\"https:\/\/tankerport.wpsandbox.introweb.hu\/wp-content\/uploads\/2023\/05\/szechenyi-logo-new.svg\" alt class=\"lazyload img-responsive wp-image-660\"\/><\/a><\/span><\/div><\/div><\/div><\/div><\/div>\n<\/p>\n","protected":false},"excerpt":{"rendered":"","protected":false},"author":1,"featured_media":0,"parent":0,"menu_order":0,"comment_status":"closed","ping_status":"closed","template":"100-width.php","meta":{"inline_featured_image":false,"footnotes":""},"class_list":["post-634","page","type-page","status-publish","hentry"],"_links":{"self":[{"href":"https:\/\/tankerport.wpsandbox.introweb.hu\/de\/wp-json\/wp\/v2\/pages\/634","targetHints":{"allow":["GET"]}}],"collection":[{"href":"https:\/\/tankerport.wpsandbox.introweb.hu\/de\/wp-json\/wp\/v2\/pages"}],"about":[{"href":"https:\/\/tankerport.wpsandbox.introweb.hu\/de\/wp-json\/wp\/v2\/types\/page"}],"author":[{"embeddable":true,"href":"https:\/\/tankerport.wpsandbox.introweb.hu\/de\/wp-json\/wp\/v2\/users\/1"}],"replies":[{"embeddable":true,"href":"https:\/\/tankerport.wpsandbox.introweb.hu\/de\/wp-json\/wp\/v2\/comments?post=634"}],"version-history":[{"count":4,"href":"https:\/\/tankerport.wpsandbox.introweb.hu\/de\/wp-json\/wp\/v2\/pages\/634\/revisions"}],"predecessor-version":[{"id":1184,"href":"https:\/\/tankerport.wpsandbox.introweb.hu\/de\/wp-json\/wp\/v2\/pages\/634\/revisions\/1184"}],"wp:attachment":[{"href":"https:\/\/tankerport.wpsandbox.introweb.hu\/de\/wp-json\/wp\/v2\/media?parent=634"}],"curies":[{"name":"wp","href":"https:\/\/api.w.org\/{rel}","templated":true}]}}